{"id":958,"date":"2024-01-09T16:55:25","date_gmt":"2024-01-09T15:55:25","guid":{"rendered":"https:\/\/deltapaper.es\/accessibility-report\/"},"modified":"2024-01-09T16:55:25","modified_gmt":"2024-01-09T15:55:25","slug":"accessibility-report","status":"publish","type":"page","link":"https:\/\/deltapaper.es\/en\/accessibility-report\/","title":{"rendered":"Accessibility report"},"content":{"rendered":"<div style=\"max-width: 950px;\"><strong>1.- Accesibilidad<\/strong>Bienvenido\/a a nuestra p\u00e1gina de Accesibilidad. <strong>DELTAPAPER BOSCH<\/strong> se ha comprometido a hacer accesible su sitio web de conformidad con el Real Decreto 1112\/2018, de 7 de septiembre, sobre accesibilidad de los sitios web.<\/p>\n<p>Este sitio, como cumplimiento con el criterio de accesibilidad del Programa Kit Digital aplica los requisitos de la Norma UNE-EN 301549:2022, considerando las excepciones del RD 1112\/2018.<\/p>\n<p>La presente declaraci\u00f3n se aplica al sitio web deltapaper.es.<\/p>\n<p><strong>2.- Situaci\u00f3n del cumplimiento<\/strong><\/p>\n<p>Este sitio web es parcialmente conforme debido a las excepciones y a la falta de conformidad de los aspectos que se indican a continuaci\u00f3n.<\/p>\n<p><strong>3.- Contenido no accesible<\/strong><\/p>\n<p>El contenido que se recoge a continuaci\u00f3n no es accesible por lo siguiente:<\/p>\n<p>9.1.1.1 Contenido no textual: Algunos contenidos no textuales no se presentan de forma que puedan ser ignorados por las ayudas t\u00e9cnicas.<\/p>\n<p>9.1.4.12 Espaciado del texto: En algunos contenidos la altura de la l\u00ednea, espaciado de los p\u00e1rrafos, espaciado de las letras, espacio entre las palabras puede no cumplir la norma.<\/p>\n<p>9.1.4.13 Contenido se\u00f1alado con el puntero o que tiene el foco: en algunos contenidos no puede retirarse el foco con ESCAPE.<\/p>\n<p>9.2.1.2 Sin trampas para el contenido del teclado: algunas partes no es posible quitar el foco una vez activado \u00e9ste.<\/p>\n<p>9.2.4.1 Evitar bloques: No existe un mecanismo para evitar los bloques de contenido que se repiten en diversas p\u00e1ginas.<\/p>\n<p>9.3.2.4 Identificaci\u00f3n coherente: Algunos contenidos no textuales como la paginaci\u00f3n pueden no utilizar etiquetas.<\/p>\n<p>9.6 Requisitos de conformidad de las pautas WCAG: No se cumplen completamente los cinco requisitos de conformidad.<\/p>\n<p>11.8.1 Tecnolog\u00eda de gesti\u00f3n de contenidos: No se cumplen los completamente los requisitos 11.8.2 a 11.8.5<\/p>\n<p>11.8.4 Servicio de reparaci\u00f3n: No existe un mecanismo de reparaci\u00f3n.<\/p>\n<p>12.2.3 Comunicaci\u00f3n efectiva: No existe un mecanismo directo o indirecto para la comunicaci\u00f3n de apoyo.<\/p>\n<p>12.2.4 Documentaci\u00f3n accesible: No existe documentaci\u00f3n suministrada por los servicios de apoyo, ya que se carece de \u00e9stos.<\/p>\n<p><strong>4.- Declaraci\u00f3n de accesibilidad<\/strong><\/p>\n<p>La presente declaraci\u00f3n fue preparada el 9 de enero de 2024.<\/p>\n<p>El m\u00e9todo empleado para preparar la declaraci\u00f3n ha sido realizar una autoevaluaci\u00f3n con herramienta externa, con revisi\u00f3n autom\u00e1tica y manual.<\/p>\n<p><strong>5.- Datos de contacto<\/strong><\/p>\n<p>Puede realizar comunicaciones sobre los requisitos de accesibilidad mediante <a href=\"https:\/\/deltapaper.es\/en\/contact\/\" rel=\"nofollow\">nuestro formulario de contacto<\/a> para informar de, por ejemplo:<\/p>\n<p>Informar sobre cualquier posible incumplimiento por parte de este sitio web.<\/p>\n<p>Transmitir dificultades de acceso al contenido.<\/p>\n<p>Formular cualquier otra consulta o sugerencia de mejora relativa a la accesibilidad del sitio web.<\/p>\n<p>En la solicitud de informaci\u00f3n accesible, se debe concretar, con toda claridad, los hechos, razones y petici\u00f3n que permitan constatar que se trata de una solicitud razonable y leg\u00edtima.<\/p>\n<p><strong>Contenido opcional<\/strong><\/p>\n<p>Esta p\u00e1gina web permite poder cambiar el tama\u00f1o del texto y el color, as\u00ed como el fondo de la p\u00e1gina mediante las opciones de configuraci\u00f3n est\u00e1ndar de los navegadores m\u00e1s recientes. Por favor, consulte la ayuda de su navegador.<\/p>\n<p>&nbsp;<\/p>\n<\/div>\n","protected":false},"excerpt":{"rendered":"<p>1.- AccesibilidadBienvenido\/a a nuestra p\u00e1gina de Accesibilidad. DELTAPAPER BOSCH se ha comprometido a hacer accesible su sitio web de conformidad con el Real Decreto 1112\/2018, de 7 de septiembre, sobre accesibilidad de los sitios web. Este sitio, como cumplimiento con el criterio de accesibilidad del Programa Kit Digital aplica los requisitos de la Norma UNE-EN [&hellip;]<\/p>\n","protected":false},"author":1,"featured_media":0,"parent":0,"menu_order":0,"comment_status":"closed","ping_status":"closed","template":"","meta":{"_et_pb_use_builder":"","_et_pb_old_content":"","_et_gb_content_width":"","footnotes":""},"class_list":["post-958","page","type-page","status-publish","hentry"],"yoast_head":"<!-- This site is optimized with the Yoast SEO plugin v27.5 - https:\/\/yoast.com\/product\/yoast-seo-wordpress\/ -->\n<title>Accessibility report - Deltapaper<\/title>\n<meta name=\"robots\" content=\"index, follow, max-snippet:-1, max-image-preview:large, max-video-preview:-1\" \/>\n<link rel=\"canonical\" href=\"https:\/\/deltapaper.es\/en\/accessibility-report\/\" \/>\n<meta property=\"og:locale\" content=\"en_US\" \/>\n<meta property=\"og:type\" content=\"article\" \/>\n<meta property=\"og:title\" content=\"Accessibility report - Deltapaper\" \/>\n<meta property=\"og:description\" content=\"1.- AccesibilidadBienvenido\/a a nuestra p\u00e1gina de Accesibilidad. DELTAPAPER BOSCH se ha comprometido a hacer accesible su sitio web de conformidad con el Real Decreto 1112\/2018, de 7 de septiembre, sobre accesibilidad de los sitios web. Este sitio, como cumplimiento con el criterio de accesibilidad del Programa Kit Digital aplica los requisitos de la Norma UNE-EN [&hellip;]\" \/>\n<meta property=\"og:url\" content=\"https:\/\/deltapaper.es\/en\/accessibility-report\/\" \/>\n<meta property=\"og:site_name\" content=\"Deltapaper\" \/>\n<meta name=\"twitter:card\" content=\"summary_large_image\" \/>\n<meta name=\"twitter:label1\" content=\"Est. reading time\" \/>\n\t<meta name=\"twitter:data1\" content=\"2 minutes\" \/>\n<script type=\"application\/ld+json\" class=\"yoast-schema-graph\">{\"@context\":\"https:\\\/\\\/schema.org\",\"@graph\":[{\"@type\":\"WebPage\",\"@id\":\"https:\\\/\\\/deltapaper.es\\\/en\\\/accessibility-report\\\/\",\"url\":\"https:\\\/\\\/deltapaper.es\\\/en\\\/accessibility-report\\\/\",\"name\":\"Accessibility report - Deltapaper\",\"isPartOf\":{\"@id\":\"https:\\\/\\\/deltapaper.es\\\/en\\\/#website\"},\"datePublished\":\"2024-01-09T15:55:25+00:00\",\"breadcrumb\":{\"@id\":\"https:\\\/\\\/deltapaper.es\\\/en\\\/accessibility-report\\\/#breadcrumb\"},\"inLanguage\":\"en-US\",\"potentialAction\":[{\"@type\":\"ReadAction\",\"target\":[\"https:\\\/\\\/deltapaper.es\\\/en\\\/accessibility-report\\\/\"]}]},{\"@type\":\"BreadcrumbList\",\"@id\":\"https:\\\/\\\/deltapaper.es\\\/en\\\/accessibility-report\\\/#breadcrumb\",\"itemListElement\":[{\"@type\":\"ListItem\",\"position\":1,\"name\":\"Portada\",\"item\":\"https:\\\/\\\/deltapaper.es\\\/en\\\/\"},{\"@type\":\"ListItem\",\"position\":2,\"name\":\"Accessibility report\"}]},{\"@type\":\"WebSite\",\"@id\":\"https:\\\/\\\/deltapaper.es\\\/en\\\/#website\",\"url\":\"https:\\\/\\\/deltapaper.es\\\/en\\\/\",\"name\":\"Deltapaper\",\"description\":\"\",\"potentialAction\":[{\"@type\":\"SearchAction\",\"target\":{\"@type\":\"EntryPoint\",\"urlTemplate\":\"https:\\\/\\\/deltapaper.es\\\/en\\\/?s={search_term_string}\"},\"query-input\":{\"@type\":\"PropertyValueSpecification\",\"valueRequired\":true,\"valueName\":\"search_term_string\"}}],\"inLanguage\":\"en-US\"}]}<\/script>\n<!-- \/ Yoast SEO plugin. -->","yoast_head_json":{"title":"Accessibility report - Deltapaper","robots":{"index":"index","follow":"follow","max-snippet":"max-snippet:-1","max-image-preview":"max-image-preview:large","max-video-preview":"max-video-preview:-1"},"canonical":"https:\/\/deltapaper.es\/en\/accessibility-report\/","og_locale":"en_US","og_type":"article","og_title":"Accessibility report - Deltapaper","og_description":"1.- AccesibilidadBienvenido\/a a nuestra p\u00e1gina de Accesibilidad. DELTAPAPER BOSCH se ha comprometido a hacer accesible su sitio web de conformidad con el Real Decreto 1112\/2018, de 7 de septiembre, sobre accesibilidad de los sitios web. Este sitio, como cumplimiento con el criterio de accesibilidad del Programa Kit Digital aplica los requisitos de la Norma UNE-EN [&hellip;]","og_url":"https:\/\/deltapaper.es\/en\/accessibility-report\/","og_site_name":"Deltapaper","twitter_card":"summary_large_image","twitter_misc":{"Est. reading time":"2 minutes"},"schema":{"@context":"https:\/\/schema.org","@graph":[{"@type":"WebPage","@id":"https:\/\/deltapaper.es\/en\/accessibility-report\/","url":"https:\/\/deltapaper.es\/en\/accessibility-report\/","name":"Accessibility report - Deltapaper","isPartOf":{"@id":"https:\/\/deltapaper.es\/en\/#website"},"datePublished":"2024-01-09T15:55:25+00:00","breadcrumb":{"@id":"https:\/\/deltapaper.es\/en\/accessibility-report\/#breadcrumb"},"inLanguage":"en-US","potentialAction":[{"@type":"ReadAction","target":["https:\/\/deltapaper.es\/en\/accessibility-report\/"]}]},{"@type":"BreadcrumbList","@id":"https:\/\/deltapaper.es\/en\/accessibility-report\/#breadcrumb","itemListElement":[{"@type":"ListItem","position":1,"name":"Portada","item":"https:\/\/deltapaper.es\/en\/"},{"@type":"ListItem","position":2,"name":"Accessibility report"}]},{"@type":"WebSite","@id":"https:\/\/deltapaper.es\/en\/#website","url":"https:\/\/deltapaper.es\/en\/","name":"Deltapaper","description":"","potentialAction":[{"@type":"SearchAction","target":{"@type":"EntryPoint","urlTemplate":"https:\/\/deltapaper.es\/en\/?s={search_term_string}"},"query-input":{"@type":"PropertyValueSpecification","valueRequired":true,"valueName":"search_term_string"}}],"inLanguage":"en-US"}]}},"_links":{"self":[{"href":"https:\/\/deltapaper.es\/en\/wp-json\/wp\/v2\/pages\/958","targetHints":{"allow":["GET"]}}],"collection":[{"href":"https:\/\/deltapaper.es\/en\/wp-json\/wp\/v2\/pages"}],"about":[{"href":"https:\/\/deltapaper.es\/en\/wp-json\/wp\/v2\/types\/page"}],"author":[{"embeddable":true,"href":"https:\/\/deltapaper.es\/en\/wp-json\/wp\/v2\/users\/1"}],"replies":[{"embeddable":true,"href":"https:\/\/deltapaper.es\/en\/wp-json\/wp\/v2\/comments?post=958"}],"version-history":[{"count":0,"href":"https:\/\/deltapaper.es\/en\/wp-json\/wp\/v2\/pages\/958\/revisions"}],"wp:attachment":[{"href":"https:\/\/deltapaper.es\/en\/wp-json\/wp\/v2\/media?parent=958"}],"curies":[{"name":"wp","href":"https:\/\/api.w.org\/{rel}","templated":true}]}}